{"id":1788,"date":"2021-01-21T03:02:43","date_gmt":"2021-01-21T00:02:43","guid":{"rendered":"https:\/\/www.kemerburgazkentormani.ist\/e-magaza\/?post_type=product&#038;p=1788"},"modified":"2023-08-09T15:28:24","modified_gmt":"2023-08-09T12:28:24","slug":"orman-t-shirt-kadin-yesil","status":"publish","type":"product","link":"https:\/\/www.kemerburgazkentormani.ist\/e-magaza\/urun\/orman-t-shirt-kadin-yesil\/","title":{"rendered":"Orman T-Shirt Kad\u0131n Ye\u015fil"},"content":{"rendered":"<p>Orman Kad\u0131n T-Shirt Ye\u015fil<\/p>\n<div id=\"gtx-trans\" style=\"position: absolute; left: 11px; top: -16px;\">\n<div class=\"gtx-trans-icon\"><\/div>\n<\/div>\n","protected":false},"excerpt":{"rendered":"<p>Orman Kad\u0131n T-Shirt Ye\u015fil<\/p>\n<div id=\"gtx-trans\" style=\"position: absolute; left: 25px; top: -17px;\">\n<div class=\"gtx-trans-icon\"><\/div>\n<\/div>\n","protected":false},"featured_media":1772,"comment_status":"open","ping_status":"closed","template":"","meta":[],"product_cat":[60,148],"product_tag":[],"_links":{"self":[{"href":"https:\/\/www.kemerburgazkentormani.ist\/e-magaza\/wp-json\/wp\/v2\/product\/1788"}],"collection":[{"href":"https:\/\/www.kemerburgazkentormani.ist\/e-magaza\/wp-json\/wp\/v2\/product"}],"about":[{"href":"https:\/\/www.kemerburgazkentormani.ist\/e-magaza\/wp-json\/wp\/v2\/types\/product"}],"replies":[{"embeddable":true,"href":"https:\/\/www.kemerburgazkentormani.ist\/e-magaza\/wp-json\/wp\/v2\/comments?post=1788"}],"wp:featuredmedia":[{"embeddable":true,"href":"https:\/\/www.kemerburgazkentormani.ist\/e-magaza\/wp-json\/wp\/v2\/media\/1772"}],"wp:attachment":[{"href":"https:\/\/www.kemerburgazkentormani.ist\/e-magaza\/wp-json\/wp\/v2\/media?parent=1788"}],"wp:term":[{"taxonomy":"product_cat","embeddable":true,"href":"https:\/\/www.kemerburgazkentormani.ist\/e-magaza\/wp-json\/wp\/v2\/product_cat?post=1788"},{"taxonomy":"product_tag","embeddable":true,"href":"https:\/\/www.kemerburgazkentormani.ist\/e-magaza\/wp-json\/wp\/v2\/product_tag?post=1788"}],"curies":[{"name":"wp","href":"https:\/\/api.w.org\/{rel}","templated":true}]}}