{"id":1339,"date":"2020-12-07T23:22:59","date_gmt":"2020-12-07T23:22:59","guid":{"rendered":"https:\/\/www.kemerburgazkentormani.ist\/e-magaza\/product\/import-placeholder-for-3240\/"},"modified":"2024-07-10T01:18:23","modified_gmt":"2024-07-09T22:18:23","slug":"anahtarlik","status":"publish","type":"product","link":"https:\/\/www.kemerburgazkentormani.ist\/e-magaza\/urun\/anahtarlik\/","title":{"rendered":"Anahtarl\u0131klar"},"content":{"rendered":"<p>Kemerburgaz Kent Orman\u0131 Anahtarl\u0131k<\/p>\n<div id=\"gtx-trans\" style=\"position: absolute; left: 315px; top: 31px;\">\n<div class=\"gtx-trans-icon\"><\/div>\n<\/div>\n","protected":false},"excerpt":{"rendered":"<p>Kemerburgaz Kent Orman\u0131 Anahtarl\u0131k<\/p>\n<div id=\"gtx-trans\" style=\"position: absolute; left: 315px; top: 31px;\">\n<div class=\"gtx-trans-icon\"><\/div>\n<\/div>\n","protected":false},"featured_media":1382,"comment_status":"open","ping_status":"closed","template":"","meta":[],"product_cat":[99,62],"product_tag":[],"_links":{"self":[{"href":"https:\/\/www.kemerburgazkentormani.ist\/e-magaza\/wp-json\/wp\/v2\/product\/1339"}],"collection":[{"href":"https:\/\/www.kemerburgazkentormani.ist\/e-magaza\/wp-json\/wp\/v2\/product"}],"about":[{"href":"https:\/\/www.kemerburgazkentormani.ist\/e-magaza\/wp-json\/wp\/v2\/types\/product"}],"replies":[{"embeddable":true,"href":"https:\/\/www.kemerburgazkentormani.ist\/e-magaza\/wp-json\/wp\/v2\/comments?post=1339"}],"wp:featuredmedia":[{"embeddable":true,"href":"https:\/\/www.kemerburgazkentormani.ist\/e-magaza\/wp-json\/wp\/v2\/media\/1382"}],"wp:attachment":[{"href":"https:\/\/www.kemerburgazkentormani.ist\/e-magaza\/wp-json\/wp\/v2\/media?parent=1339"}],"wp:term":[{"taxonomy":"product_cat","embeddable":true,"href":"https:\/\/www.kemerburgazkentormani.ist\/e-magaza\/wp-json\/wp\/v2\/product_cat?post=1339"},{"taxonomy":"product_tag","embeddable":true,"href":"https:\/\/www.kemerburgazkentormani.ist\/e-magaza\/wp-json\/wp\/v2\/product_tag?post=1339"}],"curies":[{"name":"wp","href":"https:\/\/api.w.org\/{rel}","templated":true}]}}