{"id":1234,"date":"2020-12-07T23:21:24","date_gmt":"2020-12-07T23:21:24","guid":{"rendered":"https:\/\/www.kemerburgazkentormani.ist\/e-magaza\/product\/import-placeholder-for-3024\/"},"modified":"2023-08-09T15:49:07","modified_gmt":"2023-08-09T12:49:07","slug":"kitap-ayraci","status":"publish","type":"product","link":"https:\/\/www.kemerburgazkentormani.ist\/e-magaza\/urun\/kitap-ayraci\/","title":{"rendered":"Kitap Ayra\u00e7lar\u0131"},"content":{"rendered":"<p>Kitap Ayra\u00e7lar\u0131<\/p>\n","protected":false},"excerpt":{"rendered":"<p>Kitap ayra\u00e7lar\u0131<\/p>\n<div id=\"gtx-trans\" style=\"position: absolute; left: 438px; top: -17px;\">\n<div class=\"gtx-trans-icon\"><\/div>\n<\/div>\n","protected":false},"featured_media":1263,"comment_status":"open","ping_status":"closed","template":"","meta":[],"product_cat":[63,62],"product_tag":[],"_links":{"self":[{"href":"https:\/\/www.kemerburgazkentormani.ist\/e-magaza\/wp-json\/wp\/v2\/product\/1234"}],"collection":[{"href":"https:\/\/www.kemerburgazkentormani.ist\/e-magaza\/wp-json\/wp\/v2\/product"}],"about":[{"href":"https:\/\/www.kemerburgazkentormani.ist\/e-magaza\/wp-json\/wp\/v2\/types\/product"}],"replies":[{"embeddable":true,"href":"https:\/\/www.kemerburgazkentormani.ist\/e-magaza\/wp-json\/wp\/v2\/comments?post=1234"}],"wp:featuredmedia":[{"embeddable":true,"href":"https:\/\/www.kemerburgazkentormani.ist\/e-magaza\/wp-json\/wp\/v2\/media\/1263"}],"wp:attachment":[{"href":"https:\/\/www.kemerburgazkentormani.ist\/e-magaza\/wp-json\/wp\/v2\/media?parent=1234"}],"wp:term":[{"taxonomy":"product_cat","embeddable":true,"href":"https:\/\/www.kemerburgazkentormani.ist\/e-magaza\/wp-json\/wp\/v2\/product_cat?post=1234"},{"taxonomy":"product_tag","embeddable":true,"href":"https:\/\/www.kemerburgazkentormani.ist\/e-magaza\/wp-json\/wp\/v2\/product_tag?post=1234"}],"curies":[{"name":"wp","href":"https:\/\/api.w.org\/{rel}","templated":true}]}}