{"id":1625,"date":"2021-01-12T15:58:51","date_gmt":"2021-01-12T12:58:51","guid":{"rendered":"https:\/\/www.kemerburgazkentormani.ist\/e-magaza\/?page_id=1625"},"modified":"2021-01-12T15:58:55","modified_gmt":"2021-01-12T12:58:55","slug":"veri-sorumlusu-basvuru-formu","status":"publish","type":"page","link":"https:\/\/www.kemerburgazkentormani.ist\/e-magaza\/veri-sorumlusu-basvuru-formu\/","title":{"rendered":"VER\u0130 SORUMLUSU BA\u015eVURU FORMU"},"content":{"rendered":"\n<p><strong>VER\u0130 SORUMLUSUNA BA\u015eVURU FORMU<\/strong><\/p>\n\n\n\n<ol type=\"A\"><li><strong>Genel A\u00e7\u0131klamalar<\/strong><\/li><\/ol>\n\n\n\n<p>6698 Say\u0131l\u0131 Ki\u015fisel Verilerin Korunmas\u0131 Kanunu\u2019nun<strong> (\u2018\u2018KVKK\u2019\u2019) <\/strong>11. maddesi kapsam\u0131nda herkes, veri sorumlusu s\u0131fat\u0131yla Bo\u011fazi\u00e7i Y\u00f6netim A\u015e\u2019ye a\u015fa\u011f\u0131da belirtilen hususlarda ba\u015fvuruda bulunma hakk\u0131na sahiptir:<\/p>\n\n\n\n<ol type=\"a\"><li>Ki\u015fisel veri i\u015flenip i\u015flenmedi\u011fini \u00f6\u011frenme,<\/li><li>Ki\u015fisel verileri i\u015flenmi\u015fse buna ili\u015fkin bilgi talep etme,<\/li><li>Ki\u015fisel verilerin i\u015flenme amac\u0131n\u0131 ve bunlar\u0131n amac\u0131na uygun kullan\u0131l\u0131p kullan\u0131lmad\u0131\u011f\u0131n\u0131 \u00f6\u011frenme,<\/li><li>Yurt i\u00e7inde veya yurt d\u0131\u015f\u0131nda ki\u015fisel verilerin aktar\u0131ld\u0131\u011f\u0131 \u00fc\u00e7\u00fcnc\u00fc ki\u015fileri bilme<\/li><li>Ki\u015fisel verilerin eksik veya yanl\u0131\u015f i\u015flenmi\u015f olmas\u0131 h\u00e2linde bunlar\u0131n d\u00fczeltilmesini isteme<\/li><li>6698 say\u0131l\u0131 KVKK\u2019n\u0131n 7. maddesi uyar\u0131nca, bu Kanun ve ilgili di\u011fer kanun h\u00fck\u00fcmlerine uygun olarak i\u015flenmi\u015f olmas\u0131na ra\u011fmen, i\u015flenmesini gerektiren sebeplerin ortadan kalkmas\u0131 h\u00e2linde ki\u015fisel veriler resen veya ilgili ki\u015finin talebi \u00fczerine \u00f6ng\u00f6r\u00fclen \u015fartlar \u00e7er\u00e7evesinde ki\u015fisel verilerin silinmesini veya yok edilmesini isteme,<\/li><li>(e). ve (f). bentleri uyar\u0131nca yap\u0131lan i\u015flemlerin, ki\u015fisel verilerin aktar\u0131ld\u0131\u011f\u0131 \u00fc\u00e7\u00fcnc\u00fc ki\u015filere bildirilmesini isteme,<\/li><li>\u0130\u015flenen verilerin m\u00fcnhas\u0131ran otomatik sistemler vas\u0131tas\u0131yla analiz edilmesi suretiyle ki\u015finin kendisi aleyhine bir sonucun ortaya \u00e7\u0131kmas\u0131na itiraz etme,<\/li><li>Ki\u015fisel verilerin kanuna ayk\u0131r\u0131 olarak i\u015flenmesi sebebiyle zarara u\u011framas\u0131 h\u00e2linde zarar\u0131n giderilmesini talep etme.<\/li><\/ol>\n\n\n\n<ul><li><strong>Ba\u015fvuruya \u0130li\u015fkin Ki\u015fisel Verilerin \u0130\u015flenmesi<\/strong><\/li><\/ul>\n\n\n\n<p>Veri Sorumlusuna Ba\u015fvuru Formu ile ba\u015fvurucunun kimli\u011finin tespiti ve ba\u015fvurunun y\u00f6netilmesi amac\u0131yla s\u0131n\u0131rl\u0131 ve ba\u011flant\u0131l\u0131 olarak ki\u015fisel veri (Ad, Soyad, T.C. Kimlik Numaras\u0131, Telefon Numaras\u0131, E-Posta, Adres, \u0130mza) i\u015flenmektedir. S\u00f6z konusu ki\u015fisel veriler, gerekti\u011fi takdirde ba\u015fvuru talebinin niteli\u011fine g\u00f6re yaln\u0131zca ilgili birimler\/ki\u015filer ve kanunlarca yetkili kurum\/kurulu\u015flar ile payla\u015f\u0131labilmektedir.<\/p>\n\n\n\n<ul><li><strong>Ba\u015fvuru Y\u00f6ntemi, Ba\u015fvurunun Yap\u0131laca\u011f\u0131 Adres ve Ba\u015fvuru G\u00f6nderiminde Belirtilecek Bilgi<\/strong><\/li><\/ul>\n\n\n\n<p>Ki\u015fisel veri sahipleri; bu haklar\u0131na ili\u015fkin taleplerini kimliklerini tespit edecek bilgi ve belgelerle birlikte <a href=\"https:\/\/www.kemerburgazkentormani.ist\/e-magaza\/\">https:\/\/www.kemerburgazkentormani.ist\/e-magaza\/<\/a> internet sitemizde yay\u0131nlanan Ba\u015fvuru Formunu doldurup imzalayarak, <a href=\"mailto:kvkkbasvuru@bogaziciyonetim.com.tr\">kvkkbasvuru@bogaziciyonetim.com.tr<\/a> hesab\u0131na e-posta yoluyla \u00fccretsiz olarak iletebileceklerdir.<\/p>\n\n\n\n<p>Elektronik postan\u0131n konu k\u0131sm\u0131na \u201cKi\u015fisel Verilerin Korunmas\u0131 Kanunu Kapsam\u0131nda Bilgi Talebi\u201d yaz\u0131lacakt\u0131r. Ki\u015fisel veri sahipleri ad\u0131na \u00fc\u00e7\u00fcnc\u00fc ki\u015filerin ba\u015fvuru talebinde bulunabilmesi i\u00e7in veri sahibi taraf\u0131ndan ba\u015fvuruda bulunacak ki\u015fi ad\u0131na noter kanal\u0131yla d\u00fczenlenmi\u015f \u00f6zel vek\u00e2letname bulunmal\u0131d\u0131r.<\/p>\n\n\n\n<p>\u0130lgili ki\u015finin talepleri en k\u0131sa s\u00fcrede ve nihayetinde en ge\u00e7 otuz (30) g\u00fcn i\u00e7erisinde \u00fccretsiz olarak de\u011ferlendirilip karara ba\u011flanacakt\u0131r. De\u011ferlendirme ve karar verme i\u015fleminin ayr\u0131ca bir maliyeti gerektirmesi durumunda Ki\u015fisel Verileri Koruma Kurulu taraf\u0131ndan belirlenen tarifedeki \u00fccret esas al\u0131nacakt\u0131r.&nbsp;<\/p>\n\n\n\n<p>Talebinizin niteli\u011fine g\u00f6re bilgi ve belgelerin eksiksiz ve do\u011fru olarak taraf\u0131m\u0131za sa\u011flanmas\u0131 gerekmektedir. \u0130stenilen bilgi ve belgelerin gere\u011fi gibi sa\u011flanmamas\u0131 durumunda, \u015eirket taraf\u0131ndan talebinize istinaden yap\u0131lacak ara\u015ft\u0131rmalar\u0131n tam ve nitelikli \u015fekilde y\u00fcr\u00fct\u00fclmesinde aksakl\u0131klar ya\u015fanabilecektir. Bu durumda \u015eirket, kanuni haklar\u0131n\u0131 sakl\u0131 tuttu\u011funu beyan eder. Bu nedenle, ba\u015fvurunuzun talebinizin niteli\u011fine g\u00f6re eksiksiz ve istenilen bilgileri ve belgeleri i\u00e7erecek \u015fekilde g\u00f6nderilmesi gerekmektedir.<\/p>\n\n\n\n<ul><li><strong>Ba\u015fvuru Sahibi \u0130leti\u015fim Bilgileri<\/strong><\/li><\/ul>\n\n\n\n<figure class=\"wp-block-table\"><table><tbody><tr><td><strong>Ad:<\/strong><\/td><td><strong>&nbsp;<\/strong><\/td><\/tr><tr><td><strong>Soyad:<\/strong><\/td><td><strong>&nbsp;<\/strong><\/td><\/tr><tr><td><strong>TC Kimlik Numaras\u0131:<\/strong> <strong>(Pasaport No)<\/strong><\/td><td><strong>&nbsp;<\/strong><\/td><\/tr><tr><td><strong>Telefon Numaras\u0131:<\/strong><\/td><td><strong>&nbsp;<\/strong><\/td><\/tr><tr><td><strong>E-posta:<\/strong> <em>(Belirtmeniz halinde size daha h\u0131zl\u0131 yan\u0131t verebilece\u011fiz.)<\/em><strong><\/strong><\/td><td><strong>&nbsp;<\/strong><\/td><\/tr><tr><td><strong>Adres:<\/strong><\/td><td><strong>&nbsp;<\/strong><\/td><\/tr><tr><td><strong>&nbsp;<\/strong><\/td><\/tr><\/tbody><\/table><\/figure>\n\n\n\n<ul><li><strong>L\u00fctfen \u015eirketimiz ile Olan \u0130li\u015fkinizi Belirtiniz<\/strong><\/li><\/ul>\n\n\n\n<figure class=\"wp-block-table\"><table><tbody><tr><td>\u2610 M\u00fc\u015fteri \u2610 Ziyaret\u00e7i \u2610 Eski \u00c7al\u0131\u015fan\u0131m (<em>\u00c7al\u0131\u015ft\u0131\u011f\u0131m Y\u0131llar: \u2026\u2026\u2026\u2026\u2026. &#8211; \u2026\u2026\u2026\u2026\u2026.. )<\/em> \u2610 Di\u011fer<\/td><td>\u2610 \u00c7al\u0131\u015fan \u2610 \u0130\u015f Ba\u015fvurusu \/ \u00d6zge\u00e7mi\u015f Payla\u015f\u0131m\u0131 Yapt\u0131m &nbsp;<em>Tarih :<\/em> \u2610 \u00dc\u00e7\u00fcnc\u00fc Ki\u015fi Firma \u00c7al\u0131\u015fan\u0131y\u0131m <em>L\u00fctfen \u00e7al\u0131\u015ft\u0131\u011f\u0131n\u0131z firma ve pozisyon bilgisini belirtiniz<\/em> <strong>&nbsp;<\/strong><\/td><\/tr><tr><td><a>\u015eirketimiz i\u00e7erisinde ileti\u015fimde oldu\u011funuz Ki\u015fi\/Birim:<\/a> Konu:<\/td><\/tr><\/tbody><\/table><\/figure>\n\n\n\n<ul><li><strong>L\u00fctfen KVKK Kapsam\u0131ndaki Talebinizi Belirtiniz<\/strong><\/li><\/ul>\n\n\n\n<figure class=\"wp-block-table\"><table><tbody><tr><td><strong>&nbsp;<\/strong> <strong>Talep<\/strong> <strong>No<\/strong><\/td><td><strong>&nbsp;<\/strong> <strong>Talep Konusu<\/strong><\/td><td><strong>&nbsp;<\/strong> <strong>Kanuni Dayanak<\/strong><\/td><td><strong>&nbsp;<\/strong> <strong>Se\u00e7iminiz<\/strong> <em>(L\u00fctfen \u0130lgili B\u00f6l\u00fcm\u00fc \u0130\u015faretleyiniz)<\/em><\/td><\/tr><tr><td><strong>&nbsp;<\/strong> <strong>1<\/strong><\/td><td>\u015eirketinizin hakk\u0131mda ki\u015fisel veri i\u015fleyip i\u015flemedi\u011fini \u00f6\u011frenmek istiyorum<\/td><td><strong>KVKK m. 11\/1-a<\/strong><\/td><td><strong>&nbsp;<\/strong><\/td><\/tr><tr><td><strong>2<\/strong><\/td><td>E\u011fer \u015firketiniz hakk\u0131mda ki\u015fisel veri i\u015fliyor ise bu veri i\u015fleme faaliyetlerine ili\u015fkin bilgi talep ediyorum<\/td><td><strong>KVKK m. 11\/1-b<\/strong><\/td><td><strong>&nbsp;<\/strong><\/td><\/tr><tr><td><strong>3<\/strong><\/td><td>E\u011fer \u015eirketiniz hakk\u0131mda ki\u015fisel veri i\u015fliyorsa bunlar\u0131n i\u015flenme amac\u0131n\u0131 ve i\u015flenme amac\u0131na uygun kullan\u0131l\u0131p kullanmad\u0131\u011f\u0131n\u0131 \u00f6\u011frenmek istiyorum<\/td><td><strong>KVKK m. 11\/1-c<\/strong><\/td><td><strong>&nbsp;<\/strong><\/td><\/tr><tr><td><strong>4<\/strong><\/td><td>E\u011fer ki\u015fisel verilerim yurti\u00e7inde veya yurtd\u0131\u015f\u0131nda \u00fc\u00e7\u00fcnc\u00fc ki\u015filere aktar\u0131l\u0131yorsa, bu \u00fc\u00e7\u00fcnc\u00fc ki\u015fileri bilmek istiyorum<\/td><td><strong>KVKK m. 11\/1-\u00e7<\/strong><\/td><td><strong>&nbsp;<\/strong><\/td><\/tr><tr><td><strong>5<\/strong><\/td><td>Ki\u015fisel verilerimin eksik veya yanl\u0131\u015f i\u015flendi\u011fi d\u00fc\u015f\u00fcn\u00fcyorum ve bunlar\u0131n d\u00fczeltilmesini istiyorum<\/td><td><strong>KVKK m. 11\/1-d<\/strong><\/td><td><strong>&nbsp;<\/strong><\/td><\/tr><tr><td><strong>6<\/strong><\/td><td>Ki\u015fisel verilerimin kanun ve ilgili di\u011fer kanun h\u00fck\u00fcmlerine uygun olarak i\u015flenmi\u015f olmas\u0131na ra\u011fmen, i\u015flenmesini gerektiren sebeplerin ortadan kalkt\u0131\u011f\u0131n\u0131 d\u00fc\u015f\u00fcn\u00fcyorum ve bu \u00e7er\u00e7evede ki\u015fisel verilerimin; Silinmesini Yok edilmesini istiyorum <em>(L\u00fctfen se\u00e7eneklerden belirtiniz)<\/em><\/td><td><strong>KVKK m. 11\/1-e<\/strong><\/td><td><strong>&nbsp;<\/strong><\/td><\/tr><tr><td><strong>7<\/strong><\/td><td>Eksik ve yanl\u0131\u015f i\u015flendi\u011fini d\u00fc\u015f\u00fcnd\u00fc\u011f\u00fcm ki\u015fisel verilerimin (5 Numaral\u0131 Talep) aktar\u0131ld\u0131\u011f\u0131 \u00fc\u00e7\u00fcnc\u00fc ki\u015filer nezdinde de d\u00fczeltilmesini istiyorum<\/td><td><strong>KVKK m. 11\/1-f<\/strong><\/td><td><strong>&nbsp;<\/strong><\/td><\/tr><tr><td><strong>8<\/strong><\/td><td>Ki\u015fisel verilerimin kanun ve ilgili di\u011fer kanun h\u00fck\u00fcmlerine uygun olarak i\u015flenmi\u015f olmas\u0131na ra\u011fmen, i\u015flenmesini gerektiren sebeplerin ortadan kalkt\u0131\u011f\u0131n\u0131 d\u00fc\u015f\u00fcn\u00fcyorum (6 Numaral\u0131 Talep) ve bu \u00e7er\u00e7evede ki\u015fisel verilerimin aktar\u0131ld\u0131\u011f\u0131 \u00fc\u00e7\u00fcnc\u00fc ki\u015filer nezdinde de; SilinmesiniYok Edilmesini istiyorum <em>(L\u00fctfen Se\u00e7eneklerden Belirtiniz)<\/em><\/td><td><strong>KVKK m. 11\/1-f<\/strong><\/td><td><strong>&nbsp;<\/strong><\/td><\/tr><tr><td><strong>9<\/strong><\/td><td>\u015eirketiniz taraf\u0131ndan i\u015flenen ki\u015fisel verilerimin m\u00fcnhas\u0131ran otomatik sistemler vas\u0131tas\u0131yla analiz edildi\u011fini ve bu analiz neticesinde \u015fahs\u0131m aleyhine bir sonu\u00e7 do\u011fdu\u011funu d\u00fc\u015f\u00fcn\u00fcyorum. Bu sonuca itiraz ediyorum.<\/td><td><strong>KVKK m. 11\/1-g<\/strong><\/td><td><strong>&nbsp;<\/strong><\/td><\/tr><tr><td><strong>10<\/strong><\/td><td>Ki\u015fisel verilerimin kanuna ayk\u0131r\u0131 i\u015flenmesi nedeniyle zarara u\u011frad\u0131m. Bu zarar\u0131n tazmini talep ediyorum.<\/td><td><strong>KVKK m. 11\/1-\u011f<\/strong><\/td><td><strong>&nbsp;<\/strong><\/td><\/tr><\/tbody><\/table><\/figure>\n\n\n\n<ul><li><strong>L\u00fctfen Talebiniz \u0130le \u0130lgili Bir A\u00e7\u0131klama Yap\u0131n\u0131z<\/strong><\/li><\/ul>\n\n\n\n<figure class=\"wp-block-table\"><table><tbody><tr><td><strong>&nbsp;<\/strong><\/td><\/tr><\/tbody><\/table><\/figure>\n\n\n\n<ul><li><strong>Ba\u015fvurunuza Verece\u011fimiz Yan\u0131t\u0131n Taraf\u0131n\u0131za Ne \u015eekilde Bildirilmesini \u0130stiyorsunuz?<\/strong><\/li><\/ul>\n\n\n\n<p>\u2610 Adresime g\u00f6nderilmesini istiyorum.<\/p>\n\n\n\n<p>\u2610 E-Posta adresime g\u00f6nderilmesini istiyorum.<\/p>\n\n\n\n<p><em>(E-Posta y\u00f6ntemini se\u00e7meniz halinde size daha h\u0131zl\u0131 yan\u0131t verebilece\u011fiz.)<\/em><\/p>\n\n\n\n<p>\u2610 Elden teslim almak istiyorum.<\/p>\n\n\n\n<p><em>(Vekaleten teslim al\u0131nmas\u0131n\u0131n istenmesi durumunda noter tasdikli vekaletname veya yetki belgesi olmas\u0131 gerekmektedir.)<\/em><\/p>\n\n\n\n<ul><li><strong>Ba\u015fvuru Sahibinin Beyan\u0131<\/strong><\/li><\/ul>\n\n\n\n<p>Yukar\u0131da belirtti\u011fim talepler do\u011frultusunda, \u015eirketinize yapm\u0131\u015f oldu\u011fum ba\u015fvurumun Kanun\u2019un 13. Maddesi uyar\u0131nca de\u011ferlendirilerek taraf\u0131ma bilgi verilmesini istemekteyim.<\/p>\n\n\n\n<p>Bu ba\u015fvuruda taraf\u0131n\u0131za sa\u011flam\u0131\u015f oldu\u011fum belge ve bilgilerin do\u011fru, g\u00fcncel ve \u015fahs\u0131ma ait oldu\u011funu beyan ve taahh\u00fct ederim.<\/p>\n\n\n\n<p>&nbsp;&nbsp;&nbsp;&nbsp;&nbsp;&nbsp;&nbsp;&nbsp;&nbsp;&nbsp;&nbsp; Ba\u015fvuruda bulunan ki\u015finin;<\/p>\n\n\n\n<p>Ad\u0131, Soyad\u0131&nbsp;&nbsp;&nbsp;&nbsp;&nbsp;&nbsp;&nbsp;&nbsp;&nbsp;&nbsp;&nbsp;&nbsp;&nbsp;&nbsp;&nbsp; :<\/p>\n\n\n\n<p>\u0130mzas\u0131&nbsp;&nbsp;&nbsp;&nbsp;&nbsp;&nbsp;&nbsp;&nbsp;&nbsp;&nbsp;&nbsp;&nbsp;&nbsp;&nbsp;&nbsp;&nbsp;&nbsp;&nbsp;&nbsp;&nbsp;&nbsp;&nbsp;&nbsp;&nbsp; :<\/p>\n\n\n\n<p>Ba\u015fvuru Tarihi&nbsp;&nbsp;&nbsp;&nbsp;&nbsp;&nbsp;&nbsp;&nbsp;&nbsp;&nbsp; :<\/p>\n","protected":false},"excerpt":{"rendered":"<p>VER\u0130 SORUMLUSUNA BA\u015eVURU FORMU Genel A\u00e7\u0131klamalar 6698 Say\u0131l\u0131 Ki\u015fisel Verilerin Korunmas\u0131 Kanunu\u2019nun (\u2018\u2018KVKK\u2019\u2019) 11. maddesi kapsam\u0131nda herkes, veri sorumlusu s\u0131fat\u0131yla Bo\u011fazi\u00e7i Y\u00f6netim A\u015e\u2019ye a\u015fa\u011f\u0131da belirtilen hususlarda ba\u015fvuruda bulunma hakk\u0131na sahiptir: Ki\u015fisel veri i\u015flenip i\u015flenmedi\u011fini \u00f6\u011frenme, Ki\u015fisel verileri i\u015flenmi\u015fse buna ili\u015fkin bilgi talep etme, Ki\u015fisel verilerin i\u015flenme amac\u0131n\u0131 ve bunlar\u0131n amac\u0131na<\/p>\n","protected":false},"author":1,"featured_media":0,"parent":0,"menu_order":0,"comment_status":"closed","ping_status":"closed","template":"","meta":[],"_links":{"self":[{"href":"https:\/\/www.kemerburgazkentormani.ist\/e-magaza\/wp-json\/wp\/v2\/pages\/1625"}],"collection":[{"href":"https:\/\/www.kemerburgazkentormani.ist\/e-magaza\/wp-json\/wp\/v2\/pages"}],"about":[{"href":"https:\/\/www.kemerburgazkentormani.ist\/e-magaza\/wp-json\/wp\/v2\/types\/page"}],"author":[{"embeddable":true,"href":"https:\/\/www.kemerburgazkentormani.ist\/e-magaza\/wp-json\/wp\/v2\/users\/1"}],"replies":[{"embeddable":true,"href":"https:\/\/www.kemerburgazkentormani.ist\/e-magaza\/wp-json\/wp\/v2\/comments?post=1625"}],"version-history":[{"count":1,"href":"https:\/\/www.kemerburgazkentormani.ist\/e-magaza\/wp-json\/wp\/v2\/pages\/1625\/revisions"}],"predecessor-version":[{"id":1626,"href":"https:\/\/www.kemerburgazkentormani.ist\/e-magaza\/wp-json\/wp\/v2\/pages\/1625\/revisions\/1626"}],"wp:attachment":[{"href":"https:\/\/www.kemerburgazkentormani.ist\/e-magaza\/wp-json\/wp\/v2\/media?parent=1625"}],"curies":[{"name":"wp","href":"https:\/\/api.w.org\/{rel}","templated":true}]}}