{"id":1615,"date":"2021-01-12T14:25:37","date_gmt":"2021-01-12T11:25:37","guid":{"rendered":"https:\/\/www.kemerburgazkentormani.ist\/e-magaza\/?page_id=1615"},"modified":"2021-01-12T14:25:38","modified_gmt":"2021-01-12T11:25:38","slug":"acik-riza-metni","status":"publish","type":"page","link":"https:\/\/www.kemerburgazkentormani.ist\/e-magaza\/acik-riza-metni\/","title":{"rendered":"A\u00e7\u0131k R\u0131za Metni"},"content":{"rendered":"\n<p><strong>BO\u011eAZ\u0130\u00c7\u0130 KONUT H\u0130ZMET Y\u00d6NET\u0130M \u0130\u015eL. VE T\u0130C. A.\u015e.<\/strong><br><strong>S\u0130TE \u00dcYEL\u0130\u011e\u0130NE \u0130L\u0130\u015eK\u0130N<\/strong><\/p>\n\n\n\n<p><strong>A\u00c7IK RIZA METN\u0130<\/strong><\/p>\n\n\n\n<p>\u00dcyelik ekran\u0131nda taraf\u0131ma sunulan, ayr\u0131ca Bo\u011fazi\u00e7i Konut Hizmet Y\u00f6netim \u0130\u015f. ve Tic. A\u015e. (\u201c<strong>Bo\u011fazi\u00e7i<\/strong>\u201d) i\u015fyerlerinden, Bo\u011fazi\u00e7i internet sitesi olan <a href=\"https:\/\/www.kemerburgazkentormani.ist\/e-magaza\/\">https:\/\/www.kemerburgazkentormani.ist\/e-magaza\/<\/a> adresinden ula\u015fabilece\u011fim ayd\u0131nlatma metninde a\u00e7\u0131kland\u0131\u011f\u0131 \u015fekilde ki\u015fisel verilerimin veri sorumlusu s\u0131fat\u0131yla Bo\u011fazi\u00e7i Konut Hizmet Y\u00f6netim \u0130\u015f. ve Tic. A\u015e taraf\u0131ndan i\u015flenmesine a\u015fa\u011f\u0131daki r\u0131za beyan\u0131 ile onay veriyorum.<\/p>\n\n\n\n<p>\u00c7evrimi\u00e7i ve\/veya bas\u0131l\u0131 formlar vas\u0131tas\u0131yla payla\u015ft\u0131\u011f\u0131m kimlik bilgilerim (isim, soyisim, do\u011fum tarihi, cinsiyet), ileti\u015fim bilgilerim (e-posta adresi, fatura ve teslimat adresleri, cep telefonu numaras\u0131); internet sitesini kullan\u0131m s\u0131ras\u0131nda toplanan m\u00fc\u015fteri i\u015flem bilgilerim (talep bilgileri, sipari\u015f bilgileri, fatura bilgileri, m\u00fc\u015fteri yorumlar\u0131), pazarlama bilgilerim (\u00e7erez kay\u0131tlar\u0131, al\u0131\u015fveri\u015f ge\u00e7mi\u015fi, a\u00e7\u0131k veya \u00f6rt\u00fcl\u00fc kullan\u0131c\u0131 reytingleri), i\u015flem g\u00fcvenli\u011fi bilgilerim (IP Adresi Bilgileri, \u0130nternet Sitesi Giri\u015f \u00c7\u0131k\u0131\u015f Bilgileri, Kullan\u0131c\u0131 Ad\u0131 Bilgilerim, \u015eifre Bilgilerim, Ba\u011flant\u0131 Zaman\u0131 \/ S\u00fcresi gibi Trafik Verileri) ile internet taray\u0131c\u0131m ve\/veya internet sitesini kullan\u0131rken internet taray\u0131c\u0131mdaki tercihlerime g\u00f6re toplanabilecek lokasyon verilerimin i\u015flenece\u011fini biliyor ve i\u015flenmesini onayl\u0131yorum.<\/p>\n\n\n\n<p>Mevcut veya g\u00fcncelleyece\u011fim ki\u015fisel verilerimin Site \u00fcyeli\u011fine \u00f6zel \u00fcyelik programlar\u0131ndan faydalanabilmem, ma\u011fazalar ve yapaca\u011f\u0131m al\u0131\u015fveri\u015flerime g\u00f6re olu\u015fturulacak bana \u00f6zel imkan ve tekliflerden yararlanmam, puan kazanabilmem ve bu puanlar\u0131 kullanabilmem, genel veya bana \u00f6zel ki\u015fiselle\u015ftirilmi\u015f kampanyalar, avantajlar, promosyonlar, reklamlar\u0131n olu\u015fturulmas\u0131, kampanya, yar\u0131\u015fma, \u00e7ekili\u015f ve di\u011fer etkinliklerin d\u00fczenlenmesi, \u00e7apraz sat\u0131\u015f yap\u0131lmas\u0131, hedef kitle belirlenmesi, m\u00fc\u015fteri hareketlerimin takip edilerek kullan\u0131c\u0131 deneyimimi artt\u0131r\u0131c\u0131 faaliyetlerin y\u00fcr\u00fct\u00fclmesi ve Bo\u011fazi\u00e7i\u2019ne ait internet sitesi ile mobil uygulaman\u0131n i\u015fleyi\u015finin geli\u015ftirilmesi ve m\u00fc\u015fteri ihtiya\u00e7lar\u0131na g\u00f6re ki\u015fiselle\u015ftirilmesi, m\u00fc\u015fteri memnuniyeti aktivitelerinin planlanmas\u0131 ve icras\u0131 ile m\u00fc\u015fteri ili\u015fkileri y\u00f6netimi s\u00fcre\u00e7lerinin planlanmas\u0131 ve icras\u0131, segmentasyon, raporlama, profilleme, pazarlama ve analiz \u00e7al\u0131\u015fmalar\u0131n\u0131n yap\u0131lmas\u0131, Site, Bo\u011fazi\u00e7i\u2019ne ait di\u011fer dijital platformlar veya di\u011fer 3. taraf ortamlarda Bo\u011fazi\u00e7i\u2019ne ait reklamlar\u0131n ve pazarlama\/ileti\u015fim faaliyetlerinin (Sitedeki bildirimler, pop-up g\u00f6sterimi, ki\u015fiye \u00f6zel teklifler, kullan\u0131c\u0131 ekranlar\u0131n\u0131n \u00f6zelle\u015ftirilmesi, reklam, arama, anket vs.)&nbsp; yap\u0131lmas\u0131, mobil cihaz\u0131mda lokasyon payla\u015f\u0131m ayarlar\u0131m\u0131n ve\/veya bluetooth \u00f6zelli\u011finin a\u00e7\u0131k olmas\u0131 halinde lokasyon verilerimin kaydedilerek bana en yak\u0131n ve uygun tekliflerin olu\u015fturulmas\u0131 ve iletilmesi ama\u00e7lar\u0131yla i\u015flenmesine ve veri zenginle\u015ftirme\/tekille\u015ftirme faaliyetlerinde bulunulmas\u0131 ama\u00e7lar\u0131yla Bo\u011fazi\u00e7i\u2019nin organik olarak ba\u011fl\u0131 oldu\u011fu \u0130stanbul B\u00fcy\u00fck\u015fehir Belediyesi (\u201c\u0130BB\u201d) ve \u0130BB i\u015ftirak \u015firketleri, ama\u00e7la ba\u011flant\u0131l\u0131 olarak i\u015f ili\u015fkisi i\u00e7inde bulundu\u011fu 3. ki\u015filer ile payla\u015f\u0131lmas\u0131na ve payla\u015f\u0131lan verilerinizin Bo\u011fazi\u00e7i taraf\u0131nda da g\u00fcncellenmesine,<\/p>\n\n\n\n<p><strong>Yurtd\u0131\u015f\u0131na aktar\u0131m:&nbsp;<\/strong>bili\u015fim teknolojileri, pazarlama\/reklam faaliyetleri ya da uzmanl\u0131k gerektiren dan\u0131\u015fmanl\u0131k vb. konularda \u00fcr\u00fcn ve hizmet deste\u011fi almak amac\u0131yla Bo\u011fazi\u00e7i\u2019nin yurtd\u0131\u015f\u0131nda bulunan i\u015f ortaklar\u0131, hizmet sa\u011flay\u0131c\u0131lar\u0131 ve tedarik\u00e7ileriyle payla\u015f\u0131lmas\u0131na,<\/p>\n\n\n\n<p>Herhangi bir bask\u0131 ya da zorunluluk durumu olmaks\u0131z\u0131n r\u0131za veriyorum.<br>&nbsp;<br><br><\/p>\n","protected":false},"excerpt":{"rendered":"<p>BO\u011eAZ\u0130\u00c7\u0130 KONUT H\u0130ZMET Y\u00d6NET\u0130M \u0130\u015eL. VE T\u0130C. A.\u015e.S\u0130TE \u00dcYEL\u0130\u011e\u0130NE \u0130L\u0130\u015eK\u0130N A\u00c7IK RIZA METN\u0130 \u00dcyelik ekran\u0131nda taraf\u0131ma sunulan, ayr\u0131ca Bo\u011fazi\u00e7i Konut Hizmet Y\u00f6netim \u0130\u015f. ve Tic. A\u015e. (\u201cBo\u011fazi\u00e7i\u201d) i\u015fyerlerinden, Bo\u011fazi\u00e7i internet sitesi olan https:\/\/www.kemerburgazkentormani.ist\/e-magaza\/ adresinden ula\u015fabilece\u011fim ayd\u0131nlatma metninde a\u00e7\u0131kland\u0131\u011f\u0131 \u015fekilde ki\u015fisel verilerimin veri sorumlusu s\u0131fat\u0131yla Bo\u011fazi\u00e7i Konut Hizmet Y\u00f6netim \u0130\u015f. ve<\/p>\n","protected":false},"author":1,"featured_media":0,"parent":0,"menu_order":0,"comment_status":"closed","ping_status":"closed","template":"","meta":[],"_links":{"self":[{"href":"https:\/\/www.kemerburgazkentormani.ist\/e-magaza\/wp-json\/wp\/v2\/pages\/1615"}],"collection":[{"href":"https:\/\/www.kemerburgazkentormani.ist\/e-magaza\/wp-json\/wp\/v2\/pages"}],"about":[{"href":"https:\/\/www.kemerburgazkentormani.ist\/e-magaza\/wp-json\/wp\/v2\/types\/page"}],"author":[{"embeddable":true,"href":"https:\/\/www.kemerburgazkentormani.ist\/e-magaza\/wp-json\/wp\/v2\/users\/1"}],"replies":[{"embeddable":true,"href":"https:\/\/www.kemerburgazkentormani.ist\/e-magaza\/wp-json\/wp\/v2\/comments?post=1615"}],"version-history":[{"count":1,"href":"https:\/\/www.kemerburgazkentormani.ist\/e-magaza\/wp-json\/wp\/v2\/pages\/1615\/revisions"}],"predecessor-version":[{"id":1616,"href":"https:\/\/www.kemerburgazkentormani.ist\/e-magaza\/wp-json\/wp\/v2\/pages\/1615\/revisions\/1616"}],"wp:attachment":[{"href":"https:\/\/www.kemerburgazkentormani.ist\/e-magaza\/wp-json\/wp\/v2\/media?parent=1615"}],"curies":[{"name":"wp","href":"https:\/\/api.w.org\/{rel}","templated":true}]}}